{"id":2876,"date":"2023-02-20T14:44:52","date_gmt":"2023-02-20T14:44:52","guid":{"rendered":"https:\/\/ozalpmedikal.com\/?page_id=2876"},"modified":"2023-02-20T14:47:02","modified_gmt":"2023-02-20T14:47:02","slug":"pulmoner-amfizem-nedir","status":"publish","type":"page","link":"https:\/\/ozalpmedikal.com\/index.php\/pulmoner-amfizem-nedir\/","title":{"rendered":"PULMONER AMF\u0130ZEM NED\u0130R?"},"content":{"rendered":"<div class=\"wpb-content-wrapper\"><p>[vc_row][vc_column][vc_column_text]<\/p>\n<h2>Amfizem, Kronik Obstr\u00fcktif Akci\u011fer Hastal\u0131\u011f\u0131 &#8211; KOAH\u2019\u0131n bir formudur.<\/h2>\n<p><strong>\u00a0<\/strong><\/p>\n<ul>\n<li><span style=\"font-size: 18px;\">Amfizem tan\u0131s\u0131 konmu\u015f hastalarda, havayollar\u0131n\u0131 normalden a\u00e7\u0131k tutan doku tahrip olur ve bu havayollar\u0131 soluk verme s\u0131ras\u0131nda \u015feklini koruyamaz hale gelerek, havayolu blokaj\u0131 ile sonu\u00e7lan\u0131r. Bu durum, amfizemli hastan\u0131n akci\u011ferlerinde hapsolan havay\u0131 tamamen d\u0131\u015fa vermelerini zorla\u015ft\u0131r\u0131r. Soluk verdiklerinde bu havayollar\u0131 \u00e7\u00f6ker ve eski hava i\u00e7erde hapsolarak temiz, oksijenden zengin havan\u0131n giri\u015fine yer b\u0131rakmaz. Bu &#8220;hava tutulmas\u0131&#8221;, hasarl\u0131 alveoller ve daha k\u00f6t\u00fc oksijen iletimi ile birle\u015fti\u011finde, nefessizlik hissi ve akci\u011fer i\u015flevinin yava\u015f\u00e7a kayb\u0131 ile sonu\u00e7lan\u0131r. Amfizeminize erken tan\u0131 konmas\u0131, akci\u011fer hasar\u0131n\u0131n ilerlemesini \u00f6nlemek i\u00e7in size en iyi \u015fans\u0131 verir.<\/span><\/li>\n<li><span style=\"font-size: 18px;\">Ancak, amfizem farkl\u0131 evrelerinde insanlar\u0131n kendilerini daha iyi hissetmelerine ve daha aktif bir ya\u015fam s\u00fcrmelerine yard\u0131mc\u0131 olmak ama\u00e7l\u0131 tedaviler mevcuttur.<\/span><\/li>\n<\/ul>\n<p>&nbsp;<\/p>\n<p>&nbsp;[\/vc_column_text][\/vc_column][\/vc_row]<\/p>\n<\/div>","protected":false},"excerpt":{"rendered":"<p>[vc_row][vc_column][vc_column_text] Amfizem, Kronik Obstr\u00fcktif Akci\u011fer Hastal\u0131\u011f\u0131 &#8211; KOAH\u2019\u0131n bir formudur. \u00a0 Amfizem tan\u0131s\u0131 konmu\u015f hastalarda, havayollar\u0131n\u0131 normalden a\u00e7\u0131k tutan doku tahrip olur ve bu havayollar\u0131 soluk verme s\u0131ras\u0131nda \u015feklini koruyamaz hale gelerek, havayolu blokaj\u0131 ile sonu\u00e7lan\u0131r. Bu durum, amfizemli hastan\u0131n akci\u011ferlerinde hapsolan havay\u0131 tamamen d\u0131\u015fa vermelerini zorla\u015ft\u0131r\u0131r. Soluk verdiklerinde bu havayollar\u0131 \u00e7\u00f6ker ve eski hava [&hellip;]<\/p>\n","protected":false},"author":1,"featured_media":0,"parent":0,"menu_order":0,"comment_status":"closed","ping_status":"closed","template":"","meta":{"_monsterinsights_skip_tracking":false,"_monsterinsights_sitenote_active":false,"_monsterinsights_sitenote_note":"","_monsterinsights_sitenote_category":0,"footnotes":""},"class_list":["post-2876","page","type-page","status-publish","hentry"],"aioseo_notices":[],"_links":{"self":[{"href":"https:\/\/ozalpmedikal.com\/index.php\/wp-json\/wp\/v2\/pages\/2876","targetHints":{"allow":["GET"]}}],"collection":[{"href":"https:\/\/ozalpmedikal.com\/index.php\/wp-json\/wp\/v2\/pages"}],"about":[{"href":"https:\/\/ozalpmedikal.com\/index.php\/wp-json\/wp\/v2\/types\/page"}],"author":[{"embeddable":true,"href":"https:\/\/ozalpmedikal.com\/index.php\/wp-json\/wp\/v2\/users\/1"}],"replies":[{"embeddable":true,"href":"https:\/\/ozalpmedikal.com\/index.php\/wp-json\/wp\/v2\/comments?post=2876"}],"version-history":[{"count":5,"href":"https:\/\/ozalpmedikal.com\/index.php\/wp-json\/wp\/v2\/pages\/2876\/revisions"}],"predecessor-version":[{"id":2879,"href":"https:\/\/ozalpmedikal.com\/index.php\/wp-json\/wp\/v2\/pages\/2876\/revisions\/2879"}],"wp:attachment":[{"href":"https:\/\/ozalpmedikal.com\/index.php\/wp-json\/wp\/v2\/media?parent=2876"}],"curies":[{"name":"wp","href":"https:\/\/api.w.org\/{rel}","templated":true}]}}