{"id":2882,"date":"2023-02-20T14:48:10","date_gmt":"2023-02-20T14:48:10","guid":{"rendered":"https:\/\/ozalpmedikal.com\/?page_id=2882"},"modified":"2023-02-20T14:48:10","modified_gmt":"2023-02-20T14:48:10","slug":"pulmoner-amfizem-nedir-2","status":"publish","type":"page","link":"https:\/\/ozalpmedikal.com\/index.php\/pulmoner-amfizem-nedir-2\/","title":{"rendered":"AMF\u0130ZEM\u0130N SEBEPLER\u0130 NELERD\u0130R?"},"content":{"rendered":"<div class=\"wpb-content-wrapper\"><p>[vc_row][vc_column][vc_column_text]<strong>Amfizemin bir\u00e7ok sebebi vard\u0131r. Bir ki\u015finin amfizem geli\u015fmesi olas\u0131l\u0131\u011f\u0131n\u0131 artt\u0131ran ba\u015fl\u0131ca fakt\u00f6rler aras\u0131nda \u015funlar bulunur:<\/strong><\/p>\n<ul>\n<li>Sigara i\u00e7mek<\/li>\n<li>\u0130kinci el sigara duman\u0131na maruz kalmak<\/li>\n<li>Kimyasal buhar, duman veya toza maruz kal\u0131m gibi mesleki tehlikeler<\/li>\n<li>Hava kirlili\u011fi gibi akci\u011fer tahri\u015f edici di\u011fer maddeler uzun s\u00fcreli maruz kal\u0131m\u0131<\/li>\n<\/ul>\n<p>&nbsp;<\/p>\n<p>Neden baz\u0131 hastalarda amfizem geli\u015fip baz\u0131lar\u0131nda geli\u015fmedi\u011fine ili\u015fkin \u00e7ok az bilgi mevcuttur. Baz\u0131 hastalarda amfizem genetik fakt\u00f6rlere ba\u011fl\u0131 olarak veya v\u00fccudun akci\u011ferleri ve karaci\u011feri koruyan spesifik bir proteini yeterince \u00fcretememesinden kaynaklanabilir.<\/p>\n<p><strong>\u00a0<\/strong><\/p>\n<p>[\/vc_column_text][\/vc_column][\/vc_row]<\/p>\n<\/div>","protected":false},"excerpt":{"rendered":"<p>[vc_row][vc_column][vc_column_text]Amfizemin bir\u00e7ok sebebi vard\u0131r. Bir ki\u015finin amfizem geli\u015fmesi olas\u0131l\u0131\u011f\u0131n\u0131 artt\u0131ran ba\u015fl\u0131ca fakt\u00f6rler aras\u0131nda \u015funlar bulunur: Sigara i\u00e7mek \u0130kinci el sigara duman\u0131na maruz kalmak Kimyasal buhar, duman veya toza maruz kal\u0131m gibi mesleki tehlikeler Hava kirlili\u011fi gibi akci\u011fer tahri\u015f edici di\u011fer maddeler uzun s\u00fcreli maruz kal\u0131m\u0131 &nbsp; Neden baz\u0131 hastalarda amfizem geli\u015fip baz\u0131lar\u0131nda geli\u015fmedi\u011fine ili\u015fkin \u00e7ok [&hellip;]<\/p>\n","protected":false},"author":1,"featured_media":0,"parent":0,"menu_order":0,"comment_status":"closed","ping_status":"closed","template":"","meta":{"_monsterinsights_skip_tracking":false,"_monsterinsights_sitenote_active":false,"_monsterinsights_sitenote_note":"","_monsterinsights_sitenote_category":0,"footnotes":""},"class_list":["post-2882","page","type-page","status-publish","hentry"],"aioseo_notices":[],"_links":{"self":[{"href":"https:\/\/ozalpmedikal.com\/index.php\/wp-json\/wp\/v2\/pages\/2882","targetHints":{"allow":["GET"]}}],"collection":[{"href":"https:\/\/ozalpmedikal.com\/index.php\/wp-json\/wp\/v2\/pages"}],"about":[{"href":"https:\/\/ozalpmedikal.com\/index.php\/wp-json\/wp\/v2\/types\/page"}],"author":[{"embeddable":true,"href":"https:\/\/ozalpmedikal.com\/index.php\/wp-json\/wp\/v2\/users\/1"}],"replies":[{"embeddable":true,"href":"https:\/\/ozalpmedikal.com\/index.php\/wp-json\/wp\/v2\/comments?post=2882"}],"version-history":[{"count":2,"href":"https:\/\/ozalpmedikal.com\/index.php\/wp-json\/wp\/v2\/pages\/2882\/revisions"}],"predecessor-version":[{"id":2884,"href":"https:\/\/ozalpmedikal.com\/index.php\/wp-json\/wp\/v2\/pages\/2882\/revisions\/2884"}],"wp:attachment":[{"href":"https:\/\/ozalpmedikal.com\/index.php\/wp-json\/wp\/v2\/media?parent=2882"}],"curies":[{"name":"wp","href":"https:\/\/api.w.org\/{rel}","templated":true}]}}