{"id":2887,"date":"2023-02-20T14:49:25","date_gmt":"2023-02-20T14:49:25","guid":{"rendered":"https:\/\/ozalpmedikal.com\/?page_id=2887"},"modified":"2023-02-20T14:49:25","modified_gmt":"2023-02-20T14:49:25","slug":"pulmoner-amfizem-nedir-2-2-2","status":"publish","type":"page","link":"https:\/\/ozalpmedikal.com\/index.php\/pulmoner-amfizem-nedir-2-2-2\/","title":{"rendered":"AMF\u0130ZEM \u0130\u00c7\u0130N TEDAV\u0130 SE\u00c7ENEKLER\u0130 NELERD\u0130R?"},"content":{"rendered":"<div class=\"wpb-content-wrapper\"><p>[vc_row][vc_column][vc_column_text]Amfizeminizin evresine ba\u011fl\u0131 olarak, \u00e7e\u015fitli tedavi se\u00e7enekleri mevcuttur:<\/p>\n<ul>\n<li>* Sigara b\u0131rakmak<\/li>\n<li>* Medikal tedavi-kortikosteroidler(CSler), uzun etkili bronkidilat\u00f6rler(LaBD), antikolinerjikler(ACs)<\/li>\n<li>* Oksijen takviyesi<\/li>\n<li>* Pulmoner rehabilitasyonu ve\/veya Egzersiz \u0130dame Programlar\u0131<\/li>\n<li>* Akci\u011fer Hacim K\u00fc\u00e7\u00fcltme Cerrahisi veya Endobron\u015fiyal (Akci\u011fer Hacim<\/li>\n<\/ul>\n<p>K\u00fc\u00e7\u00fcltme) Sarmallar<\/p>\n<p>\u0130la\u00e7lar, oksijen tedavisi, \u00f6zel egzersizler ve pulmoner rehabilitasyon, amfizemden kaynaklanan belirtileri rahatlatmaz hale geldi\u011finde KOAH ile ya\u015famak i\u00e7in ileri giri\u015fimler, yeni se\u00e7enekler sa\u011flayabilir.[\/vc_column_text][\/vc_column][\/vc_row]<\/p>\n<\/div>","protected":false},"excerpt":{"rendered":"<p>[vc_row][vc_column][vc_column_text]Amfizeminizin evresine ba\u011fl\u0131 olarak, \u00e7e\u015fitli tedavi se\u00e7enekleri mevcuttur: * Sigara b\u0131rakmak * Medikal tedavi-kortikosteroidler(CSler), uzun etkili bronkidilat\u00f6rler(LaBD), antikolinerjikler(ACs) * Oksijen takviyesi * Pulmoner rehabilitasyonu ve\/veya Egzersiz \u0130dame Programlar\u0131 * Akci\u011fer Hacim K\u00fc\u00e7\u00fcltme Cerrahisi veya Endobron\u015fiyal (Akci\u011fer Hacim K\u00fc\u00e7\u00fcltme) Sarmallar \u0130la\u00e7lar, oksijen tedavisi, \u00f6zel egzersizler ve pulmoner rehabilitasyon, amfizemden kaynaklanan belirtileri rahatlatmaz hale geldi\u011finde KOAH ile [&hellip;]<\/p>\n","protected":false},"author":1,"featured_media":0,"parent":0,"menu_order":0,"comment_status":"closed","ping_status":"closed","template":"","meta":{"_monsterinsights_skip_tracking":false,"_monsterinsights_sitenote_active":false,"_monsterinsights_sitenote_note":"","_monsterinsights_sitenote_category":0,"footnotes":""},"class_list":["post-2887","page","type-page","status-publish","hentry"],"aioseo_notices":[],"_links":{"self":[{"href":"https:\/\/ozalpmedikal.com\/index.php\/wp-json\/wp\/v2\/pages\/2887","targetHints":{"allow":["GET"]}}],"collection":[{"href":"https:\/\/ozalpmedikal.com\/index.php\/wp-json\/wp\/v2\/pages"}],"about":[{"href":"https:\/\/ozalpmedikal.com\/index.php\/wp-json\/wp\/v2\/types\/page"}],"author":[{"embeddable":true,"href":"https:\/\/ozalpmedikal.com\/index.php\/wp-json\/wp\/v2\/users\/1"}],"replies":[{"embeddable":true,"href":"https:\/\/ozalpmedikal.com\/index.php\/wp-json\/wp\/v2\/comments?post=2887"}],"version-history":[{"count":1,"href":"https:\/\/ozalpmedikal.com\/index.php\/wp-json\/wp\/v2\/pages\/2887\/revisions"}],"predecessor-version":[{"id":2888,"href":"https:\/\/ozalpmedikal.com\/index.php\/wp-json\/wp\/v2\/pages\/2887\/revisions\/2888"}],"wp:attachment":[{"href":"https:\/\/ozalpmedikal.com\/index.php\/wp-json\/wp\/v2\/media?parent=2887"}],"curies":[{"name":"wp","href":"https:\/\/api.w.org\/{rel}","templated":true}]}}