{"id":2889,"date":"2023-02-20T14:59:21","date_gmt":"2023-02-20T14:59:21","guid":{"rendered":"https:\/\/ozalpmedikal.com\/?page_id=2889"},"modified":"2023-02-20T14:59:43","modified_gmt":"2023-02-20T14:59:43","slug":"pulmoner-amfizem-nedir-2-2-2-2","status":"publish","type":"page","link":"https:\/\/ozalpmedikal.com\/index.php\/pulmoner-amfizem-nedir-2-2-2-2\/","title":{"rendered":"ENDOBRON\u015e\u0130YAL SARMALLAR"},"content":{"rendered":"<div class=\"wpb-content-wrapper\"><p>[vc_row][vc_column][vc_column_text]<\/p>\n<h1>Endobron\u015fiyal Sarmallar Nedir?<\/h1>\n<p>Endobron\u015fiyal Sarmallar s\u00fcper -elastik-\u015fekil haf\u0131zal\u0131, nikel ve titanyum i\u00e7eren bir metal olan nitinolden yap\u0131lm\u0131\u015f steril, kal\u0131c\u0131 t\u0131bbi implantlard\u0131r. Nitinol s\u0131kl\u0131kla kardiyak stentler ve kemik ankorlar\u0131 gibi di\u011fer t\u0131bbi implantlarda kullan\u0131l\u0131r. Her sarmal, keskin u\u00e7 olmayacak \u015fekilde, her telin ucunda bir top bulunan, sarmal \u015feklinde (\u00e7ift-halka) olu\u015fturulmu\u015ftur. Sarmallar, farkl\u0131 hastalardaki havayolu boyutlar\u0131na uyacak \u015fekilde farkl\u0131 boylarda mevcuttur.<\/p>\n<p>Endobron\u015fiyel sarmallarla tedavi, \u015fiddetli amfizem olan ve ila\u00e7 almas\u0131na ra\u011fmen artan nefessizlik hissinden yak\u0131nan hastalar i\u00e7in uygun olabilir. Tedavinin ger\u00e7ekle\u015febilmesinden \u00f6nce baz\u0131 \u00f6n incelemeler yap\u0131l\u0131r. Bunlar aras\u0131nda akci\u011fer i\u015flev testleri, egzersiz kapasitesi testi, g\u00f6r\u00fcnt\u00fcleme prosed\u00fcrleri (BT taramalar\u0131 ve iste\u011fe ba\u011fl\u0131 r\u00f6ntgen) ve tan\u0131sal bronkoskopi yer alabilir. Rehabilitasyon ve idame egzersiziyle yapabildi\u011finiz en iyisini yapmal\u0131 ve ayn\u0131 zamanda sigara i\u00e7meyi b\u0131rakmal\u0131s\u0131n\u0131z. Doktorunuz, Sarmallar\u0131n sizin i\u00e7in uygun olup olmad\u0131\u011f\u0131n\u0131 ve tedaviden g\u00f6rebilece\u011finiz yararlar\u0131n sizinle g\u00f6r\u00fc\u015f\u00fccektir.<\/p>\n<p>\u0130la\u00e7lar, oksijen tedavisi, \u00f6zel egzersizler ve pulmoner rehabilitasyon, amfizemden kaynaklanan belirtileri rahatlatmaz hale geldi\u011finde KOAH ile ya\u015famak i\u00e7in ileri giri\u015fimler, yeni se\u00e7enekler sa\u011flayabilir.<\/p>\n<p>&nbsp;<\/p>\n<h1>Endobron\u015fiyal Sarmallar Nasil \u00c7ali\u015fir?<\/h1>\n<p>Endobron\u015fiyal sarmallar akci\u011ferin hasarl\u0131 havayollar\u0131na kal\u0131c\u0131 olarak implante edilir. Sarmallar, biraraya gelip hasarl\u0131 akci\u011fer dokusunu s\u0131k\u0131\u015ft\u0131rarak, elastik geri tepmeyi art\u0131r\u0131p, soluk al\u0131p verme d\u00f6ng\u00fcs\u00fcnde akci\u011ferin daha etkin bi\u00e7imde Kas\u0131lmas\u0131na olanak sa\u011flar. Sarmallar\u0131n benzersiz \u015fekli, hasta soluk verdi\u011finde \u00e7\u00f6kebilen k\u00fc\u00e7\u00fck havayollar\u0131n\u0131n (doku hasar\u0131n\u0131n sonucu olarak) a\u00e7\u0131k kalmas\u0131na yard\u0131mc\u0131 olur. Bu eylem, havay\u0131 akci\u011ferin daha sa\u011fl\u0131kl\u0131 b\u00f6l\u00fcmlerine y\u00f6nlendirirken, hava tutulmas\u0131n\u0131 ve hiperinflasyonu azalt\u0131r.<\/p>\n<p><img loading=\"lazy\" decoding=\"async\" class=\"size-medium wp-image-2890 aligncenter\" src=\"http:\/\/ozalpmedikal.com\/wp-content\/uploads\/2023\/02\/resim_2023-02-20_175658383-300x188.png\" alt=\"\" width=\"300\" height=\"188\" \/><\/p>\n<h1>Endobron\u015fiyal Sarmal \u0130\u015flemi Nasil Ger\u00e7ekle\u015ftirilir?<\/h1>\n<p>Hekiminizin dikkatli taramas\u0131 ve sizin i\u015fleme devam vermenizin ard\u0131ndan, ilk endobron\u015fiyal sarmal i\u015fleminiz planlanacakt\u0131r. Endobron\u015fiyal sarmallar tedavi genellikle, her bir akci\u011fer i\u00e7in bir i\u015flem olmak \u00fczere iki i\u015flemle ger\u00e7ekle\u015ftirilir.<\/p>\n<p>\u0130\u015flem g\u00fcn\u00fc, hastanenin Giri\u015fimsel Bronkoskopi b\u00f6l\u00fcm\u00fcne giri\u015f yapacaks\u0131n\u0131z.<\/p>\n<p>Hastane personeli, standart hastane uygulamas\u0131na g\u00f6re sizin Endobron\u015fiyal<\/p>\n<p>sarmal prosed\u00fcr\u00fc i\u00e7in haz\u0131rlayacak. Sarmal i\u015fleminin siz uyurken ger\u00e7ekle\u015febilmesi<\/p>\n<p>i\u00e7in genel anestezi alacaks\u0131n\u0131z.<\/p>\n<p>Her bir sarmal \u00f6zel olarak tasarlanm\u0131\u015f t\u0131bbi aletler kullan\u0131larak ge\u00e7ici olarak d\u00fczle\u015ftirilir. D\u00fczle\u015ftirildikten sonra, sarmal bir bronkoskop ve kateter kullan\u0131larak bo\u011faz\u0131n\u0131zdan a\u015fa\u011f\u0131ya ge\u00e7irilir. Hekim, kateteri akci\u011ferinizin en y\u00fcksek miktarda doku hasar\u0131 olan b\u00f6lgesine y\u00f6nlendirir. Hekiminiz yeterince sarmal implante edilene kadar, sarmallar\u0131 birer birer implante edecektir. Alaca\u011f\u0131n\u0131z sarmallar\u0131n kesin say\u0131s\u0131na hekiminiz i\u015flem s\u0131ras\u0131nda karar verecektir.<\/p>\n<p><img loading=\"lazy\" decoding=\"async\" class=\" wp-image-2891 aligncenter\" src=\"http:\/\/ozalpmedikal.com\/wp-content\/uploads\/2023\/02\/resim_2023-02-20_175733843-300x102.png\" alt=\"\" width=\"855\" height=\"291\" srcset=\"https:\/\/ozalpmedikal.com\/wp-content\/uploads\/2023\/02\/resim_2023-02-20_175733843-768x261.png 768w, https:\/\/ozalpmedikal.com\/wp-content\/uploads\/2023\/02\/resim_2023-02-20_175733843-640x217.png 640w, https:\/\/ozalpmedikal.com\/wp-content\/uploads\/2023\/02\/resim_2023-02-20_175733843-400x136.png 400w, https:\/\/ozalpmedikal.com\/wp-content\/uploads\/2023\/02\/resim_2023-02-20_175733843-367x125.png 367w, https:\/\/ozalpmedikal.com\/wp-content\/uploads\/2023\/02\/resim_2023-02-20_175733843.png 778w\" sizes=\"auto, (max-width: 855px) 100vw, 855px\" \/><\/p>\n<p>Prosed\u00fcr bittikten sonra, verilen t\u00fcm ila\u00e7lar\u0131n etkisi yeterince ge\u00e7ene ve g\u00fcvenle yutkunabilmenize kadar, bir ila iki saat izlem i\u00e7in bir g\u00f6zlem alan\u0131na al\u0131nacaks\u0131n\u0131z. Genellikle, i\u015flemden d\u00f6rt saat sonra, sarmallar\u0131n implantasyonun ard\u0131ndan yerinden oynamad\u0131\u011f\u0131na emin olmak amac\u0131yla bir r\u00f6ntgen \u00e7ekilir. G\u00f6zlem s\u00fcresince, hekiminiz, hastaneden taburcu olman\u0131zdan \u00f6nce \u00e7\u00f6km\u00fc\u015f akci\u011fer kan\u0131t\u0131 olmad\u0131\u011f\u0131ndan emin olmak i\u00e7in kontrol edecektir. Yerel protokollere ba\u011fl\u0131 olarak baz\u0131 hastaneler birka\u00e7 g\u00fcn g\u00f6zlem s\u00fcresinde bulunabilir<\/p>\n<p>&nbsp;<\/p>\n<h1>Sarmal \u0130\u015fleminin Ardindan Neler Olmasi Beklenir?<\/h1>\n<p>Baz\u0131 hastalar i\u015flemden sonra bir ila iki g\u00fcn az miktarda koyu kahverengi kan\u0131 \u00f6ks\u00fcr\u00fckle \u00e7\u0131karabilir. Bu beklenen bir durumdur ve pani\u011fe yol a\u00e7\u0131lmamal\u0131d\u0131r.<\/p>\n<p>Ancak, balgamda s\u00fcrekli parlak k\u0131rm\u0131z\u0131 kan mevcutsa, hemen implante eden doktorunuzla ileti\u015fim kurun. V\u00fccut s\u0131cakl\u0131\u011f\u0131nda artma, \u00fc\u015f\u00fcme hissi ve s\u00fcrekli \u00f6ks\u00fcr\u00fck ya\u015f\u0131yorsan\u0131z pn\u00f6moni, solunum yolu enfeksiyonu ve bir KOAH alevlenmesi ba\u015flang\u0131c\u0131 ihtimallerini elemek i\u00e7in implante eden doktorunuza durumu hemen bildirilmelidir.<\/p>\n<p>&nbsp;<\/p>\n<p>Hastaneden taburcu olma talimatlar\u0131 aras\u0131nda, ila\u00e7lar\u0131n\u0131z, aktivite, sigaray\u0131 b\u0131rakma, olas\u0131 pulmoner rehebilitasyon ve ikinci i\u015flemin planlamas\u0131 yer almal\u0131d\u0131r. Genellikle ikinci i\u015flem, ilk sarmal i\u015fleminden 1-3 ay sonra ger\u00e7ekle\u015ftirilir.<\/p>\n<p>&nbsp;<\/p>\n<h1>Sarmal \u0130\u015fleminin Riskleri Nelerdir?<\/h1>\n<p>Her t\u0131bbi i\u015flemde oldu\u011fu gibi, endobron\u015fiyal sarmal tedavisi ve bronskoskopi prosed\u00fcr\u00fc ile ili\u015fkili riskler ve komplikasyonlar mevcuttur. Baz\u0131 hastalar, i\u015flemden sonra bir ka\u00e7 g\u00fcn boyunca bo\u011faz a\u011fr\u0131s\u0131, hafif \u00f6ks\u00fcr\u00fck, h\u0131\u015f\u0131lt\u0131l\u0131 solunum, ate\u015f spazm, d\u00fczensiz kalp at\u0131\u015f\u0131 veya nefes darl\u0131\u011f\u0131 ya\u015fayabilir. Baz\u0131 hastalarda, sarmallar akci\u011ferin yeniden modellenmesine yard\u0131mc\u0131 olurken ge\u00e7ici g\u00f6\u011f\u00fcs rahats\u0131zl\u0131\u011f\u0131 ya\u015fayabilir veya \u00f6ks\u00fcr\u00fcrken pembe renkli balgam veya k\u00fc\u00e7\u00fck miktarlarda kan \u00e7\u0131karabilirler. Baz\u0131 hastalarda, genellikle standart t\u0131bbi bak\u0131mla d\u00fczelen, k\u00f6t\u00fcle\u015fmi\u015f KOAH belirtileri, pn\u00f6moni veya pn\u00f6moni benzeri belirtiler g\u00f6r\u00fclm\u00fc\u015ft\u00fcr. S\u0131k olmamakla birlikte, \u015fiddetli solunum yolu enfeksiyonu, pn\u00f6motoraks, \u015fiddetli hemoptizi (daha fazla miktarda kan veya kanl\u0131 mukusun \u00f6ks\u00fcr\u00fckle \u00e7\u0131kmas\u0131) veya \u00f6l\u00fcmle sonu\u00e7lanabilen solunum yetmezli\u011fi gibi \u015fiddetli sorunlar ortaya \u00e7\u0131kabilir. Di\u011fer t\u0131bbi i\u015flemlerde oldu gibi sarmal implant i\u015fleminizin ard\u0131ndan herhangi bir ola\u011fan d\u0131\u015f\u0131 solunumsal belirti (g\u00f6\u011f\u00fcs a\u011fr\u0131s\u0131, soluk al\u0131p vermede zorlanma, \u00f6ks\u00fcr\u00fckle kan gelmesi ve boynunuzun ve\/veya y\u00fcz\u00fcn\u00fcz\u00fcn \u015fi\u015fmesi gibi) ya\u015farsan\u0131z, doktorunuzla irtibat kurmal\u0131s\u0131n\u0131z.<\/p>\n<p>Doktorunuz, Sarmallarla endoskopik tedavinin hem risklerini hem de\u00a0avantajlar\u0131n\u0131 size anlatacakt\u0131r.<\/p>\n<p>&nbsp;<\/p>\n<h1>Sarmal \u0130\u015fleminin Yararlari Nelerdir?<\/h1>\n<p>Sarmallar\u0131n, heterojen ve\/veya homojen amfizem olan hastalarda etkili ve g\u00fcvenli oldu\u011fu g\u00f6sterilmi\u015ftir. her iki akci\u011fer endobron\u015fiyal sarmallarla tedavi edilen bir\u00e7ok hasta, ya\u015fam kalitesi, akci\u011fer i\u015flevi ve egzersiz kapasitesinde iyile\u015fme ya\u015fanm\u0131\u015ft\u0131r. Sonu\u00e7lar\u0131n\u0131z, durumunuza ve ald\u0131\u011f\u0131n\u0131z tedaviye g\u00f6re farkl\u0131 olabilir.<\/p>\n<p>[\/vc_column_text][\/vc_column][\/vc_row]<\/p>\n<\/div>","protected":false},"excerpt":{"rendered":"<p>[vc_row][vc_column][vc_column_text] Endobron\u015fiyal Sarmallar Nedir? Endobron\u015fiyal Sarmallar s\u00fcper -elastik-\u015fekil haf\u0131zal\u0131, nikel ve titanyum i\u00e7eren bir metal olan nitinolden yap\u0131lm\u0131\u015f steril, kal\u0131c\u0131 t\u0131bbi implantlard\u0131r. Nitinol s\u0131kl\u0131kla kardiyak stentler ve kemik ankorlar\u0131 gibi di\u011fer t\u0131bbi implantlarda kullan\u0131l\u0131r. Her sarmal, keskin u\u00e7 olmayacak \u015fekilde, her telin ucunda bir top bulunan, sarmal \u015feklinde (\u00e7ift-halka) olu\u015fturulmu\u015ftur. Sarmallar, farkl\u0131 hastalardaki havayolu boyutlar\u0131na [&hellip;]<\/p>\n","protected":false},"author":1,"featured_media":0,"parent":0,"menu_order":0,"comment_status":"closed","ping_status":"closed","template":"","meta":{"_monsterinsights_skip_tracking":false,"_monsterinsights_sitenote_active":false,"_monsterinsights_sitenote_note":"","_monsterinsights_sitenote_category":0,"footnotes":""},"class_list":["post-2889","page","type-page","status-publish","hentry"],"aioseo_notices":[],"_links":{"self":[{"href":"https:\/\/ozalpmedikal.com\/index.php\/wp-json\/wp\/v2\/pages\/2889","targetHints":{"allow":["GET"]}}],"collection":[{"href":"https:\/\/ozalpmedikal.com\/index.php\/wp-json\/wp\/v2\/pages"}],"about":[{"href":"https:\/\/ozalpmedikal.com\/index.php\/wp-json\/wp\/v2\/types\/page"}],"author":[{"embeddable":true,"href":"https:\/\/ozalpmedikal.com\/index.php\/wp-json\/wp\/v2\/users\/1"}],"replies":[{"embeddable":true,"href":"https:\/\/ozalpmedikal.com\/index.php\/wp-json\/wp\/v2\/comments?post=2889"}],"version-history":[{"count":3,"href":"https:\/\/ozalpmedikal.com\/index.php\/wp-json\/wp\/v2\/pages\/2889\/revisions"}],"predecessor-version":[{"id":2894,"href":"https:\/\/ozalpmedikal.com\/index.php\/wp-json\/wp\/v2\/pages\/2889\/revisions\/2894"}],"wp:attachment":[{"href":"https:\/\/ozalpmedikal.com\/index.php\/wp-json\/wp\/v2\/media?parent=2889"}],"curies":[{"name":"wp","href":"https:\/\/api.w.org\/{rel}","templated":true}]}}