{"id":2896,"date":"2023-02-20T15:08:22","date_gmt":"2023-02-20T15:08:22","guid":{"rendered":"https:\/\/ozalpmedikal.com\/?page_id=2896"},"modified":"2023-02-20T15:14:00","modified_gmt":"2023-02-20T15:14:00","slug":"pulmoner-amfizem-nedir-2-2-2-3","status":"publish","type":"page","link":"https:\/\/ozalpmedikal.com\/index.php\/pulmoner-amfizem-nedir-2-2-2-3\/","title":{"rendered":"VOLUTAM HEL\u0130X AKC\u0130\u011eER HACM\u0130 K\u00dc\u00c7\u00dcLT\u00dcC\u00dc SARMAL S\u0130STEM\u0130"},"content":{"rendered":"<div class=\"wpb-content-wrapper\"><p>[vc_row][vc_column][vc_column_text]Volutam Helix Sistemi, Nitinol yayl\u0131 sarmallar\u0131 akci\u011ferin alt-segmental havayollar\u0131na uygulamak i\u00e7in bir minimal invazif teknik kullanarak amfizemli hastalarda akci\u011fer fonksiyonunu iyile\u015ftirme ama\u00e7l\u0131d\u0131r.<\/p>\n<p>&nbsp;<\/p>\n<p>Sarmal:<\/p>\n<ul>\n<li>Hastal\u0131kl\u0131 dokuyu k\u00fc\u00e7\u00fclt\u00fclm\u00fc\u015f hacme s\u0131k\u0131\u015ft\u0131rmak<\/li>\n<li>Havayolu a\u00e7\u0131kl\u0131\u011f\u0131n\u0131 sa\u011flamak ve hava hapsini azaltmak i\u00e7in elastik gerilim sa\u011flamak<\/li>\n<li>Tercihli dolumu hastal\u0131kl\u0131 dokudan sa\u011fl\u0131kl\u0131 dokuya kayd\u0131rmak i\u00e7in akci\u011fer uyumunu ayarlamak i\u00e7in tasarlanm\u0131\u015ft\u0131r.<\/li>\n<\/ul>\n<h1>Hastal\u0131kl\u0131 dokuyu s\u0131k\u0131\u015ft\u0131rmak\u00a0 ve Akci\u011fer uyumunu ayarlamak<\/h1>\n<p><img loading=\"lazy\" decoding=\"async\" class=\"wp-image-2851 aligncenter\" src=\"http:\/\/ozalpmedikal.com\/wp-content\/uploads\/2023\/02\/once1-2-300x137.png\" alt=\"\" width=\"646\" height=\"295\" srcset=\"https:\/\/ozalpmedikal.com\/wp-content\/uploads\/2023\/02\/once1-2-640x293.png 640w, https:\/\/ozalpmedikal.com\/wp-content\/uploads\/2023\/02\/once1-2-400x183.png 400w, https:\/\/ozalpmedikal.com\/wp-content\/uploads\/2023\/02\/once1-2-367x168.png 367w\" sizes=\"auto, (max-width: 646px) 100vw, 646px\" \/><\/p>\n<p>&nbsp;<\/p>\n<h1>Havayolu A\u00e7ikli\u011fini Korumak<\/h1>\n<p><img loading=\"lazy\" decoding=\"async\" class=\" wp-image-2858 aligncenter\" src=\"http:\/\/ozalpmedikal.com\/wp-content\/uploads\/2023\/02\/once2-1-300x112.png\" alt=\"\" width=\"779\" height=\"291\" srcset=\"https:\/\/ozalpmedikal.com\/wp-content\/uploads\/2023\/02\/once2-1-768x288.png 768w, https:\/\/ozalpmedikal.com\/wp-content\/uploads\/2023\/02\/once2-1-640x240.png 640w, https:\/\/ozalpmedikal.com\/wp-content\/uploads\/2023\/02\/once2-1-400x150.png 400w, https:\/\/ozalpmedikal.com\/wp-content\/uploads\/2023\/02\/once2-1-367x137.png 367w\" sizes=\"auto, (max-width: 779px) 100vw, 779px\" \/><\/p>\n<p>&nbsp;<\/p>\n<h1>UYGULAMA S\u0130STEM\u0130<\/h1>\n<h3>Katater<\/h3>\n<p>Kateter bronkoskopun \u00e7al\u0131\u015fma kanal\u0131ndan girer. Sarmal uygulamas\u0131 i\u00e7in havayolu alan\u0131n\u0131 hedeflemek i\u00e7in bir kanal sa\u011flar.<\/p>\n<p><img loading=\"lazy\" decoding=\"async\" class=\" wp-image-2831 aligncenter\" src=\"http:\/\/ozalpmedikal.com\/wp-content\/uploads\/2023\/02\/valutam-coil-turkce-4-300x64.png\" alt=\"\" width=\"380\" height=\"81\" \/><\/p>\n<h3>K\u0131lavuz Tel<\/h3>\n<p>K\u0131lavuz tel kateri havayoluna y\u00f6nlendirir ve uygun sarmal uzunlu\u011funun se\u00e7imini\u00a0 kolayla\u015ft\u0131r\u0131r<\/p>\n<p><img loading=\"lazy\" decoding=\"async\" class=\" wp-image-2832 aligncenter\" src=\"http:\/\/ozalpmedikal.com\/wp-content\/uploads\/2023\/02\/valutam-coil-turkce-5-300x79.png\" alt=\"\" width=\"399\" height=\"105\" \/><\/p>\n<p>&nbsp;<\/p>\n<h3>Kartu\u015f<\/h3>\n<p>Kartu\u015f, katetere y\u00fcklenmeye olanak tan\u0131mak \u00fczere sarmal\u0131 g\u00fc\u00e7lendirir Kateter\u00a0merkezine ba\u011flan\u0131r<\/p>\n<p><img loading=\"lazy\" decoding=\"async\" class=\" wp-image-2833 aligncenter\" src=\"http:\/\/ozalpmedikal.com\/wp-content\/uploads\/2023\/02\/valutam-coil-turkce-6-300x51.png\" alt=\"\" width=\"459\" height=\"78\" srcset=\"https:\/\/ozalpmedikal.com\/wp-content\/uploads\/2023\/02\/valutam-coil-turkce-6-400x69.png 400w, https:\/\/ozalpmedikal.com\/wp-content\/uploads\/2023\/02\/valutam-coil-turkce-6-367x63.png 367w, https:\/\/ozalpmedikal.com\/wp-content\/uploads\/2023\/02\/valutam-coil-turkce-6.png 408w\" sizes=\"auto, (max-width: 459px) 100vw, 459px\" \/><\/p>\n<h3>Forseps<\/h3>\n<p>Forseps sarmal\u0131n proksimal ucunu kavrar ve sarmal\u0131 kateter \u00fczerinden hedef\u00a0 havayoluna uygulamak ya da e\u011fer gerekli ise sarmal\u0131 geri \u00e7\u0131karmak i\u00e7in kullan\u0131l\u0131r.<\/p>\n<p><img loading=\"lazy\" decoding=\"async\" class=\" wp-image-2834 aligncenter\" src=\"http:\/\/ozalpmedikal.com\/wp-content\/uploads\/2023\/02\/valutam-coil-turkce-7-300x82.png\" alt=\"\" width=\"468\" height=\"128\" srcset=\"https:\/\/ozalpmedikal.com\/wp-content\/uploads\/2023\/02\/valutam-coil-turkce-7-400x110.png 400w, https:\/\/ozalpmedikal.com\/wp-content\/uploads\/2023\/02\/valutam-coil-turkce-7-367x100.png 367w, https:\/\/ozalpmedikal.com\/wp-content\/uploads\/2023\/02\/valutam-coil-turkce-7.png 442w\" sizes=\"auto, (max-width: 468px) 100vw, 468px\" \/><\/p>\n<h1>Faydalar<\/h1>\n<ul>\n<li>\u00dcst Lob Heterojen Hastal\u0131kl\u0131<\/li>\n<li>Alt Lob Heterojen Hastal\u0131kl\u0131<\/li>\n<li>\u015eiddetli Olmayan Homejenli<\/li>\n<\/ul>\n<p>Amfizem hastalar\u0131n\u0131 tedavi etmede etkilidir.\u00b9<\/p>\n<p>&nbsp;<\/p>\n<h2>VOLUTAM Helix benzersiz faydalar sa\u011flar:<\/h2>\n<p><u>Minimal \u0130nvazif Prosed\u00fcr<\/u><\/p>\n<ul>\n<li>Standart bir 8 mm bronkoskop ile uygulan\u0131r<\/li>\n<li>K\u0131sa prosed\u00fcr s\u00fcresi<\/li>\n<li>Hastanede s\u0131n\u0131rl\u0131 kal\u0131\u015f<\/li>\n<\/ul>\n<p><u>VOLUTAM Helix benzersiz faydalar sa\u011flar:<\/u><\/p>\n<ul>\n<li>PFT ve C-Scan esasl\u0131 hasta se\u00e7imi<\/li>\n<li>En y\u00fcksek g\u00fcvenli yan\u0131t veren oran\u0131\n<ul>\n<li>\u00d6ng\u00f6r\u00fclenin %175 \u00fczerinde rezid\u00fcel vol\u00fcm<\/li>\n<li>140 metre \u00fczeri 6 dakikal\u0131k y\u00fcr\u00fcy\u00fc\u015f<\/li>\n<li>Tedavi edilen akci\u011ferde bir k\u0131s\u0131m yap\u0131sal dokusu olan en az bir lob<\/li>\n<\/ul>\n<\/li>\n<\/ul>\n<p>&nbsp;<\/p>\n<p><u>E\u015fsiz Klinik Sonu\u00e7<\/u><img loading=\"lazy\" decoding=\"async\" class=\" wp-image-2902 aligncenter\" src=\"http:\/\/ozalpmedikal.com\/wp-content\/uploads\/2023\/02\/resim_2023-02-20_181244953-300x103.png\" alt=\"\" width=\"606\" height=\"208\" srcset=\"https:\/\/ozalpmedikal.com\/wp-content\/uploads\/2023\/02\/resim_2023-02-20_181244953-400x138.png 400w, https:\/\/ozalpmedikal.com\/wp-content\/uploads\/2023\/02\/resim_2023-02-20_181244953-367x127.png 367w, https:\/\/ozalpmedikal.com\/wp-content\/uploads\/2023\/02\/resim_2023-02-20_181244953.png 580w\" sizes=\"auto, (max-width: 606px) 100vw, 606px\" \/><\/p>\n<h1>Teknik \u00d6zellikler<img loading=\"lazy\" decoding=\"async\" class=\" wp-image-2903 aligncenter\" src=\"http:\/\/ozalpmedikal.com\/wp-content\/uploads\/2023\/02\/resim_2023-02-20_181317913-300x200.png\" alt=\"\" width=\"915\" height=\"610\" srcset=\"https:\/\/ozalpmedikal.com\/wp-content\/uploads\/2023\/02\/resim_2023-02-20_181317913-640x427.png 640w, https:\/\/ozalpmedikal.com\/wp-content\/uploads\/2023\/02\/resim_2023-02-20_181317913-400x267.png 400w, https:\/\/ozalpmedikal.com\/wp-content\/uploads\/2023\/02\/resim_2023-02-20_181317913-367x245.png 367w, https:\/\/ozalpmedikal.com\/wp-content\/uploads\/2023\/02\/resim_2023-02-20_181317913.png 749w\" sizes=\"auto, (max-width: 915px) 100vw, 915px\" \/><\/h1>\n<p>&nbsp;<\/p>\n<ol>\n<li>Volutam Pilot \u00e7al\u0131\u015fmas\u0131 ve fizibilite \u00e7al\u0131\u015fmas\u0131 verileri<\/li>\n<\/ol>\n<p>&nbsp;<\/p>\n<ol start=\"2\">\n<li>Prosed\u00fcr s\u00fcresi: ortalama 30-40 dakika<\/li>\n<\/ol>\n<p>&nbsp;<\/p>\n<ol start=\"3\">\n<li>E\u011fer hi\u00e7bir komplikasyon yoksa 1 g\u00fcn<\/li>\n<\/ol>\n<p>&nbsp;<\/p>\n<ol start=\"4\">\n<li>\u0130lk 200 prosed\u00fcr\u00fcn analize dayan\u0131r<\/li>\n<\/ol>\n<p>&nbsp;<\/p>\n<ol start=\"5\">\n<li>Volutam Pilot \u00e7al\u0131\u015fmas\u0131 \u2013 \u0130kinci taraf\u0131n tedaviden sonraki 6 aydaki taban hatt\u0131ndaki de\u011fi\u015fiklik<\/li>\n<\/ol>\n<p>&nbsp;<\/p>\n<ol start=\"6\">\n<li>Hastalar\u0131n %73&#8217;\u00fc egzersiz kapasitesinde, ikinci taraf\u0131n tedavi sonras\u0131 aydaki 6MWT&#8217;de 25 metreden fazla bir art\u0131\u015fla tan\u0131mlanan \u00f6nemli geli\u015fme g\u00f6stermi\u015ftir.<\/li>\n<\/ol>\n<p>&nbsp;<\/p>\n<ol start=\"7\">\n<li>Hastalar\u0131n %82&#8217;si ya\u015fam kalitesinde, ikinci taraf\u0131n tedavi sonras\u0131 aydaki SGRQ&#8217;de 4 puandan daha fazla bir d\u00fc\u015f\u00fc\u015fle tan\u0131mlanan \u00f6nemli geli\u015fme g\u00f6stermi\u015ftir.<\/li>\n<\/ol>\n<p>&nbsp;[\/vc_column_text][\/vc_column][\/vc_row]<\/p>\n<\/div>","protected":false},"excerpt":{"rendered":"<p>[vc_row][vc_column][vc_column_text]Volutam Helix Sistemi, Nitinol yayl\u0131 sarmallar\u0131 akci\u011ferin alt-segmental havayollar\u0131na uygulamak i\u00e7in bir minimal invazif teknik kullanarak amfizemli hastalarda akci\u011fer fonksiyonunu iyile\u015ftirme ama\u00e7l\u0131d\u0131r. &nbsp; Sarmal: Hastal\u0131kl\u0131 dokuyu k\u00fc\u00e7\u00fclt\u00fclm\u00fc\u015f hacme s\u0131k\u0131\u015ft\u0131rmak Havayolu a\u00e7\u0131kl\u0131\u011f\u0131n\u0131 sa\u011flamak ve hava hapsini azaltmak i\u00e7in elastik gerilim sa\u011flamak Tercihli dolumu hastal\u0131kl\u0131 dokudan sa\u011fl\u0131kl\u0131 dokuya kayd\u0131rmak i\u00e7in akci\u011fer uyumunu ayarlamak i\u00e7in tasarlanm\u0131\u015ft\u0131r. Hastal\u0131kl\u0131 dokuyu [&hellip;]<\/p>\n","protected":false},"author":1,"featured_media":0,"parent":0,"menu_order":0,"comment_status":"closed","ping_status":"closed","template":"","meta":{"_monsterinsights_skip_tracking":false,"_monsterinsights_sitenote_active":false,"_monsterinsights_sitenote_note":"","_monsterinsights_sitenote_category":0,"footnotes":""},"class_list":["post-2896","page","type-page","status-publish","hentry"],"aioseo_notices":[],"_links":{"self":[{"href":"https:\/\/ozalpmedikal.com\/index.php\/wp-json\/wp\/v2\/pages\/2896","targetHints":{"allow":["GET"]}}],"collection":[{"href":"https:\/\/ozalpmedikal.com\/index.php\/wp-json\/wp\/v2\/pages"}],"about":[{"href":"https:\/\/ozalpmedikal.com\/index.php\/wp-json\/wp\/v2\/types\/page"}],"author":[{"embeddable":true,"href":"https:\/\/ozalpmedikal.com\/index.php\/wp-json\/wp\/v2\/users\/1"}],"replies":[{"embeddable":true,"href":"https:\/\/ozalpmedikal.com\/index.php\/wp-json\/wp\/v2\/comments?post=2896"}],"version-history":[{"count":4,"href":"https:\/\/ozalpmedikal.com\/index.php\/wp-json\/wp\/v2\/pages\/2896\/revisions"}],"predecessor-version":[{"id":2900,"href":"https:\/\/ozalpmedikal.com\/index.php\/wp-json\/wp\/v2\/pages\/2896\/revisions\/2900"}],"wp:attachment":[{"href":"https:\/\/ozalpmedikal.com\/index.php\/wp-json\/wp\/v2\/media?parent=2896"}],"curies":[{"name":"wp","href":"https:\/\/api.w.org\/{rel}","templated":true}]}}